{"id":447,"date":"2024-09-16T10:07:58","date_gmt":"2024-09-16T08:07:58","guid":{"rendered":"https:\/\/sarl-haignere.fr\/?page_id=447"},"modified":"2026-03-19T14:43:40","modified_gmt":"2026-03-19T13:43:40","slug":"accueil","status":"publish","type":"page","link":"https:\/\/sarl-haignere.fr\/","title":{"rendered":"Accueil"},"content":{"rendered":"<p>[et_pb_section fb_built=\u00a0\u00bb1&Prime; _builder_version=\u00a0\u00bb4.27.3&Prime; _module_preset=\u00a0\u00bbdefault\u00a0\u00bb background_color=\u00a0\u00bbrgba(255,255,255,0.76)\u00a0\u00bb background_image=\u00a0\u00bbhttps:\/\/sarl-haignere.fr\/wp-content\/uploads\/2024\/09\/engins-chantier-tp.png\u00a0\u00bb background_blend=\u00a0\u00bboverlay\u00a0\u00bb global_colors_info=\u00a0\u00bb{}\u00a0\u00bb][et_pb_row column_structure=\u00a0\u00bb1_2,1_2&Prime; _builder_version=\u00a0\u00bb4.27.0&Prime; _module_preset=\u00a0\u00bbdefault\u00a0\u00bb custom_padding=\u00a0\u00bb140px||140px||true|false\u00a0\u00bb global_colors_info=\u00a0\u00bb{}\u00a0\u00bb][et_pb_column type=\u00a0\u00bb1_2&Prime; _builder_version=\u00a0\u00bb4.27.0&Prime; _module_preset=\u00a0\u00bbdefault\u00a0\u00bb global_colors_info=\u00a0\u00bb{}\u00a0\u00bb][et_pb_image src=\u00a0\u00bbhttps:\/\/sarl-haignere.fr\/wp-content\/uploads\/2024\/12\/logo-TP.png\u00a0\u00bb title_text=\u00a0\u00bblogo TP\u00a0\u00bb url=\u00a0\u00bb@ET-DC@eyJkeW5hbWljIjp0cnVlLCJjb250ZW50IjoicG9zdF9saW5rX3VybF9wYWdlIiwic2V0dGluZ3MiOnsicG9zdF9pZCI6IjI2In19@\u00a0\u00bb _builder_version=\u00a0\u00bb4.27.3&Prime; _dynamic_attributes=\u00a0\u00bburl\u00a0\u00bb _module_preset=\u00a0\u00bbdefault\u00a0\u00bb border_radii=\u00a0\u00bbon|95px|95px|95px|95px\u00a0\u00bb global_colors_info=\u00a0\u00bb{}\u00a0\u00bb transform_styles__hover_enabled=\u00a0\u00bbon|hover\u00a0\u00bb transform_scale__hover_enabled=\u00a0\u00bbon|hover\u00a0\u00bb transform_translate__hover_enabled=\u00a0\u00bbon|desktop\u00a0\u00bb transform_rotate__hover_enabled=\u00a0\u00bbon|desktop\u00a0\u00bb transform_skew__hover_enabled=\u00a0\u00bbon|desktop\u00a0\u00bb transform_origin__hover_enabled=\u00a0\u00bbon|desktop\u00a0\u00bb transform_scale__hover=\u00a0\u00bb132%|132%\u00a0\u00bb src__hover_enabled=\u00a0\u00bbon|hover\u00a0\u00bb src__hover=\u00a0\u00bbhttps:\/\/sarl-haignere.fr\/wp-content\/uploads\/2024\/12\/logo-TP.png\u00a0\u00bb border_radii__hover_enabled=\u00a0\u00bbon|hover\u00a0\u00bb border_radii__hover=\u00a0\u00bbon|95px|95px|95px|95px\u00a0\u00bb][\/et_pb_image][\/et_pb_column][et_pb_column type=\u00a0\u00bb1_2&Prime; _builder_version=\u00a0\u00bb4.27.0&Prime; _module_preset=\u00a0\u00bbdefault\u00a0\u00bb global_colors_info=\u00a0\u00bb{}\u00a0\u00bb][et_pb_image src=\u00a0\u00bbhttps:\/\/sarl-haignere.fr\/wp-content\/uploads\/2024\/12\/logo-EARL.png\u00a0\u00bb alt=\u00a0\u00bble logo earl la hersiere &#8211; logo vert tracteur\u00a0\u00bb title_text=\u00a0\u00bblogo EARL\u00a0\u00bb url=\u00a0\u00bb@ET-DC@eyJkeW5hbWljIjp0cnVlLCJjb250ZW50IjoicG9zdF9saW5rX3VybF9wYWdlIiwic2V0dGluZ3MiOnsicG9zdF9pZCI6IjI0NSJ9fQ==@\u00a0\u00bb _builder_version=\u00a0\u00bb4.27.3&Prime; _dynamic_attributes=\u00a0\u00bburl\u00a0\u00bb _module_preset=\u00a0\u00bbdefault\u00a0\u00bb border_radii=\u00a0\u00bbon|95px|95px|95px|95px\u00a0\u00bb global_colors_info=\u00a0\u00bb{}\u00a0\u00bb transform_styles__hover_enabled=\u00a0\u00bbon|hover\u00a0\u00bb transform_scale__hover_enabled=\u00a0\u00bbon|hover\u00a0\u00bb transform_translate__hover_enabled=\u00a0\u00bbon|desktop\u00a0\u00bb transform_rotate__hover_enabled=\u00a0\u00bbon|desktop\u00a0\u00bb transform_skew__hover_enabled=\u00a0\u00bbon|desktop\u00a0\u00bb transform_origin__hover_enabled=\u00a0\u00bbon|desktop\u00a0\u00bb transform_scale__hover=\u00a0\u00bb130%|130%\u00a0\u00bb src__hover_enabled=\u00a0\u00bbon|hover\u00a0\u00bb src__hover=\u00a0\u00bbhttps:\/\/sarl-haignere.fr\/wp-content\/uploads\/2024\/12\/logo-EARL.png\u00a0\u00bb border_radii__hover_enabled=\u00a0\u00bbon|hover\u00a0\u00bb border_radii__hover=\u00a0\u00bbon||||\u00a0\u00bb][\/et_pb_image][\/et_pb_column][\/et_pb_row][\/et_pb_section]<\/p>\n","protected":false},"excerpt":{"rendered":"","protected":false},"author":1,"featured_media":0,"parent":0,"menu_order":0,"comment_status":"closed","ping_status":"closed","template":"","meta":{"_et_pb_use_builder":"on","_et_pb_old_content":"","_et_gb_content_width":"","footnotes":""},"class_list":["post-447","page","type-page","status-publish","hentry"],"yoast_head":"<!-- This site is optimized with the Yoast SEO plugin v27.5 - https:\/\/yoast.com\/product\/yoast-seo-wordpress\/ -->\n<title>Accueil - Sarl Haigner\u00e9 \/ Earl la Hersi\u00e8re<\/title>\n<meta name=\"description\" content=\"Vous accompagne sur vos travaux publics et agricoles\" \/>\n<meta name=\"robots\" content=\"index, follow, max-snippet:-1, max-image-preview:large, max-video-preview:-1\" \/>\n<link rel=\"canonical\" href=\"https:\/\/sarl-haignere.fr\/\" \/>\n<meta property=\"og:locale\" content=\"fr_FR\" \/>\n<meta property=\"og:type\" content=\"article\" \/>\n<meta property=\"og:title\" content=\"Accueil - Sarl Haigner\u00e9 \/ Earl la Hersi\u00e8re\" \/>\n<meta property=\"og:description\" content=\"Vous accompagne sur vos travaux publics et agricoles\" \/>\n<meta property=\"og:url\" content=\"https:\/\/sarl-haignere.fr\/\" \/>\n<meta property=\"og:site_name\" content=\"Sarl Haigner\u00e9 \/ Earl la Hersi\u00e8re\" \/>\n<meta property=\"article:modified_time\" content=\"2026-03-19T13:43:40+00:00\" \/>\n<meta name=\"twitter:card\" content=\"summary_large_image\" \/>\n<meta name=\"twitter:label1\" content=\"Dur\u00e9e de lecture estim\u00e9e\" \/>\n\t<meta name=\"twitter:data1\" content=\"1 minute\" \/>\n<script type=\"application\/ld+json\" class=\"yoast-schema-graph\">{\"@context\":\"https:\\\/\\\/schema.org\",\"@graph\":[{\"@type\":\"WebPage\",\"@id\":\"https:\\\/\\\/sarl-haignere.fr\\\/\",\"url\":\"https:\\\/\\\/sarl-haignere.fr\\\/\",\"name\":\"Accueil - Sarl Haigner\u00e9 \\\/ Earl la Hersi\u00e8re\",\"isPartOf\":{\"@id\":\"https:\\\/\\\/sarl-haignere.fr\\\/#website\"},\"datePublished\":\"2024-09-16T08:07:58+00:00\",\"dateModified\":\"2026-03-19T13:43:40+00:00\",\"description\":\"Vous accompagne sur vos travaux publics et agricoles\",\"breadcrumb\":{\"@id\":\"https:\\\/\\\/sarl-haignere.fr\\\/#breadcrumb\"},\"inLanguage\":\"fr-FR\",\"potentialAction\":[{\"@type\":\"ReadAction\",\"target\":[\"https:\\\/\\\/sarl-haignere.fr\\\/\"]}]},{\"@type\":\"BreadcrumbList\",\"@id\":\"https:\\\/\\\/sarl-haignere.fr\\\/#breadcrumb\",\"itemListElement\":[{\"@type\":\"ListItem\",\"position\":1,\"name\":\"Accueil\",\"item\":\"https:\\\/\\\/sarl-haignere.fr\\\/\"},{\"@type\":\"ListItem\",\"position\":2,\"name\":\"Accueil\"}]},{\"@type\":\"WebSite\",\"@id\":\"https:\\\/\\\/sarl-haignere.fr\\\/#website\",\"url\":\"https:\\\/\\\/sarl-haignere.fr\\\/\",\"name\":\"Sarl Haign\u00e8re \\\/ Earl la Hersi\u00e8re\",\"description\":\"Vous accompagne sur vos travaux publics et agricoles\",\"publisher\":{\"@id\":\"https:\\\/\\\/sarl-haignere.fr\\\/#organization\"},\"potentialAction\":[{\"@type\":\"SearchAction\",\"target\":{\"@type\":\"EntryPoint\",\"urlTemplate\":\"https:\\\/\\\/sarl-haignere.fr\\\/?s={search_term_string}\"},\"query-input\":{\"@type\":\"PropertyValueSpecification\",\"valueRequired\":true,\"valueName\":\"search_term_string\"}}],\"inLanguage\":\"fr-FR\"},{\"@type\":\"Organization\",\"@id\":\"https:\\\/\\\/sarl-haignere.fr\\\/#organization\",\"name\":\"Sarl Haign\u00e8re \\\/ Earl la Hersi\u00e8re\",\"url\":\"https:\\\/\\\/sarl-haignere.fr\\\/\",\"logo\":{\"@type\":\"ImageObject\",\"inLanguage\":\"fr-FR\",\"@id\":\"https:\\\/\\\/sarl-haignere.fr\\\/#\\\/schema\\\/logo\\\/image\\\/\",\"url\":\"https:\\\/\\\/sarl-haignere.fr\\\/wp-content\\\/uploads\\\/2024\\\/10\\\/cropped-Logo-haignere-hersiere.png\",\"contentUrl\":\"https:\\\/\\\/sarl-haignere.fr\\\/wp-content\\\/uploads\\\/2024\\\/10\\\/cropped-Logo-haignere-hersiere.png\",\"width\":512,\"height\":512,\"caption\":\"Sarl Haign\u00e8re \\\/ Earl la Hersi\u00e8re\"},\"image\":{\"@id\":\"https:\\\/\\\/sarl-haignere.fr\\\/#\\\/schema\\\/logo\\\/image\\\/\"}}]}<\/script>\n<!-- \/ Yoast SEO plugin. -->","yoast_head_json":{"title":"Accueil - Sarl Haigner\u00e9 \/ Earl la Hersi\u00e8re","description":"Vous accompagne sur vos travaux publics et agricoles","robots":{"index":"index","follow":"follow","max-snippet":"max-snippet:-1","max-image-preview":"max-image-preview:large","max-video-preview":"max-video-preview:-1"},"canonical":"https:\/\/sarl-haignere.fr\/","og_locale":"fr_FR","og_type":"article","og_title":"Accueil - Sarl Haigner\u00e9 \/ Earl la Hersi\u00e8re","og_description":"Vous accompagne sur vos travaux publics et agricoles","og_url":"https:\/\/sarl-haignere.fr\/","og_site_name":"Sarl Haigner\u00e9 \/ Earl la Hersi\u00e8re","article_modified_time":"2026-03-19T13:43:40+00:00","twitter_card":"summary_large_image","twitter_misc":{"Dur\u00e9e de lecture estim\u00e9e":"1 minute"},"schema":{"@context":"https:\/\/schema.org","@graph":[{"@type":"WebPage","@id":"https:\/\/sarl-haignere.fr\/","url":"https:\/\/sarl-haignere.fr\/","name":"Accueil - Sarl Haigner\u00e9 \/ Earl la Hersi\u00e8re","isPartOf":{"@id":"https:\/\/sarl-haignere.fr\/#website"},"datePublished":"2024-09-16T08:07:58+00:00","dateModified":"2026-03-19T13:43:40+00:00","description":"Vous accompagne sur vos travaux publics et agricoles","breadcrumb":{"@id":"https:\/\/sarl-haignere.fr\/#breadcrumb"},"inLanguage":"fr-FR","potentialAction":[{"@type":"ReadAction","target":["https:\/\/sarl-haignere.fr\/"]}]},{"@type":"BreadcrumbList","@id":"https:\/\/sarl-haignere.fr\/#breadcrumb","itemListElement":[{"@type":"ListItem","position":1,"name":"Accueil","item":"https:\/\/sarl-haignere.fr\/"},{"@type":"ListItem","position":2,"name":"Accueil"}]},{"@type":"WebSite","@id":"https:\/\/sarl-haignere.fr\/#website","url":"https:\/\/sarl-haignere.fr\/","name":"Sarl Haign\u00e8re \/ Earl la Hersi\u00e8re","description":"Vous accompagne sur vos travaux publics et agricoles","publisher":{"@id":"https:\/\/sarl-haignere.fr\/#organization"},"potentialAction":[{"@type":"SearchAction","target":{"@type":"EntryPoint","urlTemplate":"https:\/\/sarl-haignere.fr\/?s={search_term_string}"},"query-input":{"@type":"PropertyValueSpecification","valueRequired":true,"valueName":"search_term_string"}}],"inLanguage":"fr-FR"},{"@type":"Organization","@id":"https:\/\/sarl-haignere.fr\/#organization","name":"Sarl Haign\u00e8re \/ Earl la Hersi\u00e8re","url":"https:\/\/sarl-haignere.fr\/","logo":{"@type":"ImageObject","inLanguage":"fr-FR","@id":"https:\/\/sarl-haignere.fr\/#\/schema\/logo\/image\/","url":"https:\/\/sarl-haignere.fr\/wp-content\/uploads\/2024\/10\/cropped-Logo-haignere-hersiere.png","contentUrl":"https:\/\/sarl-haignere.fr\/wp-content\/uploads\/2024\/10\/cropped-Logo-haignere-hersiere.png","width":512,"height":512,"caption":"Sarl Haign\u00e8re \/ Earl la Hersi\u00e8re"},"image":{"@id":"https:\/\/sarl-haignere.fr\/#\/schema\/logo\/image\/"}}]}},"_links":{"self":[{"href":"https:\/\/sarl-haignere.fr\/index.php\/wp-json\/wp\/v2\/pages\/447","targetHints":{"allow":["GET"]}}],"collection":[{"href":"https:\/\/sarl-haignere.fr\/index.php\/wp-json\/wp\/v2\/pages"}],"about":[{"href":"https:\/\/sarl-haignere.fr\/index.php\/wp-json\/wp\/v2\/types\/page"}],"author":[{"embeddable":true,"href":"https:\/\/sarl-haignere.fr\/index.php\/wp-json\/wp\/v2\/users\/1"}],"replies":[{"embeddable":true,"href":"https:\/\/sarl-haignere.fr\/index.php\/wp-json\/wp\/v2\/comments?post=447"}],"version-history":[{"count":21,"href":"https:\/\/sarl-haignere.fr\/index.php\/wp-json\/wp\/v2\/pages\/447\/revisions"}],"predecessor-version":[{"id":1167,"href":"https:\/\/sarl-haignere.fr\/index.php\/wp-json\/wp\/v2\/pages\/447\/revisions\/1167"}],"wp:attachment":[{"href":"https:\/\/sarl-haignere.fr\/index.php\/wp-json\/wp\/v2\/media?parent=447"}],"curies":[{"name":"wp","href":"https:\/\/api.w.org\/{rel}","templated":true}]}}